{"id":77,"date":"2013-09-11T13:21:43","date_gmt":"2013-09-11T13:21:43","guid":{"rendered":"https:\/\/www.iabiotec.com\/fr\/?page_id=77"},"modified":"2022-11-11T11:01:00","modified_gmt":"2022-11-11T09:01:00","slug":"qui-sommes-nous","status":"publish","type":"page","link":"https:\/\/www.iabiotec.com\/fr\/entreprise\/qui-sommes-nous\/","title":{"rendered":"Qui sommes nous"},"content":{"rendered":"<h2>Un peu d\u2019histoire&#8230;<\/h2>\n<p>\u00c0 cette \u00e9poque, l\u2019exp\u00e9rience avec les microorganismes appliqu\u00e9s au domaine agricole \u00e9tait un projet futuriste. Aujourd\u2019hui, notre exp\u00e9rience dans la fabrication et l\u2019utilisation d\u2019agents de lutte biologique et de bio fertilisants d\u2019origine microbienne nous place dans une <strong>position privil\u00e9gi\u00e9e dans ce secteur<\/strong>\u00a0: IAB s\u2019est affermi comme <strong>une des principales entreprises \u00e0 l\u2019\u00e9chelon national consacr\u00e9e \u00e0 la fabrication d\u2019inoculants microbiens \u00e0 usage agricole<\/strong>.<\/p>\n<p>Nous sommes une <strong>\u00e9quipe jeune et multidisciplinaire, hautement qualifi\u00e9e<\/strong>. Parmi ces caract\u00e9ristiques, soulignons la passion et l\u2019\u00e9nergie, consacr\u00e9es au service d\u2019une soci\u00e9t\u00e9 <strong>fermement engag\u00e9e pour l\u2019environnement<\/strong>.<\/p>\n<h2>Principales \u00e9tapes de IAB<\/h2>\n<p><img loading=\"lazy\" decoding=\"async\" width=\"670\" height=\"450\" class=\"alignnone size-full wp-image-181\" src=\"https:\/\/www.iabiotec.com\/fr\/wp-content\/uploads\/iab-hitos.png\" alt=\"iab-hitos\" srcset=\"https:\/\/www.iabiotec.com\/fr\/wp-content\/uploads\/iab-hitos.png 670w, https:\/\/www.iabiotec.com\/fr\/wp-content\/uploads\/iab-hitos-300x201.png 300w\" sizes=\"auto, (max-width: 670px) 100vw, 670px\" \/><\/p>\n<h2>IAB est membre de :<\/h2>\n<div id=\"logos-asociados\"><a class=\"bioval\" href=\"http:\/\/www.bioval.org\/\" target=\"blank\" rel=\"noopener\">BIOVAL<\/a><a class=\"quimacova\" href=\"https:\/\/www.quimacova.org\" target=\"blank\" rel=\"noopener\">QUIMACOVA<\/a><a class=\"aemon\" href=\"https:\/\/www.aemon.org\" target=\"blank\" rel=\"noopener\">AEMON<\/a><a class=\"segcib\" href=\"http:\/\/www.segcib.org\" target=\"blank\" rel=\"noopener\">SEGCIB<\/a><\/div>\n","protected":false},"excerpt":{"rendered":"<p>Un peu d\u2019histoire&#8230; \u00c0 cette \u00e9poque, l\u2019exp\u00e9rience avec les microorganismes appliqu\u00e9s au domaine agricole \u00e9tait un projet futuriste. Aujourd\u2019hui, notre exp\u00e9rience dans la fabrication et l\u2019utilisation d\u2019agents de lutte biologique et de bio fertilisants d\u2019origine microbienne nous place dans une position privil\u00e9gi\u00e9e dans ce secteur\u00a0: IAB s\u2019est affermi comme une des principales entreprises \u00e0 l\u2019\u00e9chelon [&hellip;]<\/p>\n","protected":false},"author":2,"featured_media":0,"parent":520,"menu_order":10,"comment_status":"open","ping_status":"closed","template":"page-template-right-sidebar.php","meta":{"footnotes":""},"class_list":["post-77","page","type-page","status-publish","hentry"],"_links":{"self":[{"href":"https:\/\/www.iabiotec.com\/fr\/wp-json\/wp\/v2\/pages\/77","targetHints":{"allow":["GET"]}}],"collection":[{"href":"https:\/\/www.iabiotec.com\/fr\/wp-json\/wp\/v2\/pages"}],"about":[{"href":"https:\/\/www.iabiotec.com\/fr\/wp-json\/wp\/v2\/types\/page"}],"author":[{"embeddable":true,"href":"https:\/\/www.iabiotec.com\/fr\/wp-json\/wp\/v2\/users\/2"}],"replies":[{"embeddable":true,"href":"https:\/\/www.iabiotec.com\/fr\/wp-json\/wp\/v2\/comments?post=77"}],"version-history":[{"count":31,"href":"https:\/\/www.iabiotec.com\/fr\/wp-json\/wp\/v2\/pages\/77\/revisions"}],"predecessor-version":[{"id":613,"href":"https:\/\/www.iabiotec.com\/fr\/wp-json\/wp\/v2\/pages\/77\/revisions\/613"}],"up":[{"embeddable":true,"href":"https:\/\/www.iabiotec.com\/fr\/wp-json\/wp\/v2\/pages\/520"}],"wp:attachment":[{"href":"https:\/\/www.iabiotec.com\/fr\/wp-json\/wp\/v2\/media?parent=77"}],"curies":[{"name":"wp","href":"https:\/\/api.w.org\/{rel}","templated":true}]}}