{"id":7,"date":"2013-09-11T11:24:56","date_gmt":"2013-09-11T11:24:56","guid":{"rendered":"https:\/\/www.iabiotec.com\/fr\/?page_id=7"},"modified":"2014-04-08T16:13:05","modified_gmt":"2014-04-08T16:13:05","slug":"inicio","status":"publish","type":"page","link":"https:\/\/www.iabiotec.com\/fr\/","title":{"rendered":"Accueil"},"content":{"rendered":"<p class=\"product-heading\"><a href=\"https:\/\/www.iabiotec.com\/fr\/produits\/inoculants-microbiens\/\">Inoculants microbiens<\/a><\/p>\n<p class=\"product-image\"><a href=\"https:\/\/www.iabiotec.com\/fr\/produits\/inoculants-microbiens\/\"><img decoding=\"async\" alt=\"Inoculants microbiens\" src=\"https:\/\/www.iabiotec.com\/fr\/wp-content\/uploads\/inoculantes-microbianos.jpg\" \/><\/a><\/p>\n<p class=\"product-text\">Nos inoculants microbiens sont des pr\u00e9parations qui contiennent une biomasse d\u2019une grande puret\u00e9 et concentration. Ces combinaisons ou consortiums microbiens\u00a0[\u2026] <a class=\"info\" title=\"Inoculantes microbianos\" href=\"\/produits\/inoculants-microbiens\/\">+D&rsquo;INFOS<\/a><\/p>\n<p class=\"product-heading\"><a href=\"https:\/\/www.iabiotec.com\/fr\/produits\/extraits-botaniques\/\">Extraits botaniques<\/a><\/p>\n<p class=\"product-image\"><a href=\"https:\/\/www.iabiotec.com\/fr\/produits\/extraits-botaniques\/\"><img decoding=\"async\" alt=\"Extraits botaniques\" src=\"https:\/\/www.iabiotec.com\/fr\/wp-content\/uploads\/extractos-botanicos.jpg\" \/><\/a><\/p>\n<p class=\"product-text\">Les extraits botaniques sont d\u2019origine biologique et ont pour caract\u00e9ristique d\u2019\u00eatre obtenus en utilisant diff\u00e9rentes techniques d\u2019extraction\u00a0(bas\u00e9es sur\u00a0[\u2026]\u00a0<a class=\"info\" title=\"Extractos bot\u00e1nicos\" href=\"\/produits\/extraits-botaniques\/\">+D&rsquo;INFOS<\/a><\/p>\n<p class=\"product-heading\"><a href=\"https:\/\/www.iabiotec.com\/fr\/produits\/produits-speciaux\/\">Produits sp\u00e9ciaux<\/a><\/p>\n<p class=\"product-image\"><a href=\"https:\/\/www.iabiotec.com\/fr\/produits\/produits-speciaux\/\"><img decoding=\"async\" alt=\"Produits sp\u00e9ciaux\" src=\"https:\/\/www.iabiotec.com\/fr\/wp-content\/uploads\/productos-especiales.jpg\" \/><\/a><\/p>\n<p class=\"product-text\">IAB introduit dans sa gamme de produits sp\u00e9ciaux un nombre de d\u00e9veloppements de R &amp; D fond\u00e9s sur la lutte biologique microbienne, directe ou indirecte [\u2026]\u00a0<a class=\"info\" title=\"Productos especiales\" href=\"\/produits\/produits-speciaux\/\">+D&rsquo;INFOS<\/a><\/p>\n","protected":false},"excerpt":{"rendered":"<p>Inoculants microbiens Nos inoculants microbiens sont des pr\u00e9parations qui contiennent une biomasse d\u2019une grande puret\u00e9 et concentration. Ces combinaisons ou consortiums microbiens\u00a0[\u2026] +D&rsquo;INFOS Extraits botaniques Les extraits botaniques sont d\u2019origine biologique et ont pour caract\u00e9ristique d\u2019\u00eatre obtenus en utilisant diff\u00e9rentes techniques d\u2019extraction\u00a0(bas\u00e9es sur\u00a0[\u2026]\u00a0+D&rsquo;INFOS Produits sp\u00e9ciaux IAB introduit dans sa gamme de produits sp\u00e9ciaux un nombre [&hellip;]<\/p>\n","protected":false},"author":2,"featured_media":0,"parent":0,"menu_order":10,"comment_status":"open","ping_status":"closed","template":"page-template-home-jquery-sidebar.php","meta":{"footnotes":""},"class_list":["post-7","page","type-page","status-publish","hentry"],"_links":{"self":[{"href":"https:\/\/www.iabiotec.com\/fr\/wp-json\/wp\/v2\/pages\/7","targetHints":{"allow":["GET"]}}],"collection":[{"href":"https:\/\/www.iabiotec.com\/fr\/wp-json\/wp\/v2\/pages"}],"about":[{"href":"https:\/\/www.iabiotec.com\/fr\/wp-json\/wp\/v2\/types\/page"}],"author":[{"embeddable":true,"href":"https:\/\/www.iabiotec.com\/fr\/wp-json\/wp\/v2\/users\/2"}],"replies":[{"embeddable":true,"href":"https:\/\/www.iabiotec.com\/fr\/wp-json\/wp\/v2\/comments?post=7"}],"version-history":[{"count":54,"href":"https:\/\/www.iabiotec.com\/fr\/wp-json\/wp\/v2\/pages\/7\/revisions"}],"predecessor-version":[{"id":550,"href":"https:\/\/www.iabiotec.com\/fr\/wp-json\/wp\/v2\/pages\/7\/revisions\/550"}],"wp:attachment":[{"href":"https:\/\/www.iabiotec.com\/fr\/wp-json\/wp\/v2\/media?parent=7"}],"curies":[{"name":"wp","href":"https:\/\/api.w.org\/{rel}","templated":true}]}}