{"id":65,"date":"2013-09-11T12:36:36","date_gmt":"2013-09-11T12:36:36","guid":{"rendered":"https:\/\/www.iabiotec.com\/fr\/?page_id=65"},"modified":"2022-11-10T17:32:50","modified_gmt":"2022-11-10T15:32:50","slug":"produits-speciaux","status":"publish","type":"page","link":"https:\/\/www.iabiotec.com\/fr\/produits\/produits-speciaux\/","title":{"rendered":"Produits sp\u00e9ciaux"},"content":{"rendered":"<p>IAB introduit dans sa gamme de produits sp\u00e9ciaux un nombre de <strong>d\u00e9veloppements de R&amp;D fond\u00e9s sur la lutte biologique microbienne<\/strong>, directe ou indirecte, contre les principales maladies de nos cultures. Ces produits sp\u00e9ciaux, <strong>ax\u00e9s sur la sant\u00e9 des v\u00e9g\u00e9taux<\/strong>, ont des propri\u00e9t\u00e9s qui en font des produits phares. Ils ont vocation \u00e0 \u00eatre d\u00e9velopp\u00e9s gr\u00e2ce aux coop\u00e9rations et aux accords de confidentialit\u00e9 entre les entreprises candidates pour travailler ensemble.\u00a0Le processus d\u2019inscription est \u00e9tabli selon le r\u00e8glement (CE) n\u00b01007\/2009.<\/p>\n<h3><em>Bacillus subtilis<\/em> souche IABBS03<\/h3>\n<p><img loading=\"lazy\" decoding=\"async\" class=\"size-full wp-image-429 alignleft\" src=\"https:\/\/www.iabiotec.com\/fr\/wp-content\/uploads\/productos-especiales-00.jpg\" alt=\"productos-especiales-00\" width=\"280\" height=\"210\" \/><\/p>\n<p>La souche IABBS03, souche unique de <i>Bacillus subtilis subtilis ssp,<\/i> d\u00e9montre sa singularit\u00e9, tant par l\u2019analyse de la pr\u00e9sence de marqueurs g\u00e9n\u00e9tiques par PCR utilisant des amorces sp\u00e9cifiques, que par son profil g\u00e9n\u00e9tique. Les caract\u00e9ristiques exceptionnelles de la souche IABBS03 ont permis le projet d\u2019inclusion \u00e0 l\u2019annexe I conform\u00e9ment \u00e0 la directive 1107\/2009, pour son utilisation en tant qu\u2019agent de lutte biologique et \u00e0 usage phytosanitaire.<\/p>\n<p>Les nombreux essais d\u2019efficacit\u00e9 EOR men\u00e9es en Europe et aux USA sur la souche IABBS03 montrent qu&rsquo;elle peut \u00eatre une <strong>arme polyvalente de lutte biologique contre les maladies fongiques et bact\u00e9riennes dans diff\u00e9rents pathosyst\u00e8mes<\/strong>, en r\u00e9duisant syst\u00e9matiquement l\u2019incidence et la gravit\u00e9 de la maladie trait\u00e9e. Les essais d\u2019efficacit\u00e9 EOR ont montr\u00e9 que la souche et sa formule exp\u00e9rimentale peuvent \u00eatre utilis\u00e9es dans les cas suivants: l&rsquo;o\u00efdium des cucurbitac\u00e9es, le mildiou de la laitue, le venturis du pommier, le botrytis et l\u2019o\u00efdium de la vigne, la candidose dans fruits \u00e0 noyau, le botrytis et le bact\u00e9riose des solanac\u00e9es comme la tomate et le mildiou de la pomme de terre.<\/p>\n<h3>Ecoalt<\/h3>\n<p><img loading=\"lazy\" decoding=\"async\" class=\"alignright size-full wp-image-446\" src=\"https:\/\/www.iabiotec.com\/fr\/wp-content\/uploads\/productos-especiales-02.jpg\" alt=\"productos-especiales-02\" width=\"280\" height=\"273\" \/><\/p>\n<p>C\u2019est un produit solide ayant un minimum de 1010\u00a0ufc\/g issu d\u2019une combinaison de microorganismes s\u00e9lectionn\u00e9s d&rsquo;une part, pour \u00eatre des <strong>antagonistes naturels de champignons pathog\u00e8nes et en particulier <em>d\u2019Alternaria<\/em> d\u2019agrumes<\/strong>, et d&rsquo;autre part, pour \u00eatre d&rsquo;excellents colonisateurs des parties a\u00e9riennes de la plante agissant de fa\u00e7on pr\u00e9ventive et curative contre ce champignon pathog\u00e8ne de la surface des feuilles, des fleurs et des fruits d\u2019agrumes.<\/p>\n<p>Il s\u2019agit de souches naturelles isol\u00e9es par IAB, non modifi\u00e9es par g\u00e9nie g\u00e9n\u00e9tique et\u00a0d\u00e9pos\u00e9es pour un usage restreint aupr\u00e8s de la Collection Espagnole de Cultures de Micro-organismes, sous le num\u00e9ro:<\/p>\n<p>CECT 7657: <em>Bacillus amyloliquefaciens<\/em> (IAB\/BA\/01)<br \/>\nCECT 7253: <em>Bacillus megaterium<\/em> (IAB\/BM\/01)<br \/>\nCECT 13050: <em>Saccharomyces cerevisiae<\/em> (IAB\/SC\/03)<\/p>\n<h3>Naurantia<\/h3>\n<p><img loading=\"lazy\" decoding=\"async\" class=\"size-full wp-image-425 alignright\" src=\"https:\/\/www.iabiotec.com\/fr\/wp-content\/uploads\/productos-especiales-01.jpg\" alt=\"productos-especiales-01\" width=\"280\" height=\"210\" \/><\/p>\n<p>C&rsquo;est un produit solide ayant au moins 109\u00a0ufc\/g (unit\u00e9s formant colonies par gramme) d\u2019une bact\u00e9rie s\u00e9lectionn\u00e9e par IAB pour ses <strong>propri\u00e9t\u00e9s antagonistes de champignons alt\u00e9rant les produits apr\u00e8s r\u00e9colte<\/strong>, et en particulier, <em>Penicillium<\/em>. C&rsquo;est un <strong>bon colonisateur de la surface des fruits et plantes dans les conditions pr\u00e9-et post r\u00e9colte, sans \u00eatre phytotoxique et sans laisser de trace de r\u00e9sidus<\/strong> \u00e0 la surface lorsqu\u2019il est utilis\u00e9 \u00e0 la dose recommand\u00e9e. Son effet contre ce type de champignon est essentiellement pr\u00e9ventif.<\/p>\n<p>Il s\u2019agit d\u2019une souche naturelle isol\u00e9e par IAB, d\u00e9pos\u00e9e pour un usage restreint aupr\u00e8s de la Collection Espagnole de Cultures de Micro-organismes, sous le num\u00e9ro :<\/p>\n<p>CECT 7657: <em>Bacillus amyloliquefaciens<\/em> (IAB\/BA\/01)<\/p>\n<div id=\"logos-productos-especiales\"><img decoding=\"async\" src=\"\/wp-content\/uploads\/logos-productos-especiales.png\" \/><\/div>\n","protected":false},"excerpt":{"rendered":"<p>IAB introduit dans sa gamme de produits sp\u00e9ciaux un nombre de d\u00e9veloppements de R&amp;D fond\u00e9s sur la lutte biologique microbienne, directe ou indirecte, contre les principales maladies de nos cultures. Ces produits sp\u00e9ciaux, ax\u00e9s sur la sant\u00e9 des v\u00e9g\u00e9taux, ont des propri\u00e9t\u00e9s qui en font des produits phares. Ils ont vocation \u00e0 \u00eatre d\u00e9velopp\u00e9s gr\u00e2ce [&hellip;]<\/p>\n","protected":false},"author":2,"featured_media":0,"parent":516,"menu_order":30,"comment_status":"open","ping_status":"closed","template":"page-template-right-sidebar.php","meta":{"footnotes":""},"class_list":["post-65","page","type-page","status-publish","hentry"],"_links":{"self":[{"href":"https:\/\/www.iabiotec.com\/fr\/wp-json\/wp\/v2\/pages\/65","targetHints":{"allow":["GET"]}}],"collection":[{"href":"https:\/\/www.iabiotec.com\/fr\/wp-json\/wp\/v2\/pages"}],"about":[{"href":"https:\/\/www.iabiotec.com\/fr\/wp-json\/wp\/v2\/types\/page"}],"author":[{"embeddable":true,"href":"https:\/\/www.iabiotec.com\/fr\/wp-json\/wp\/v2\/users\/2"}],"replies":[{"embeddable":true,"href":"https:\/\/www.iabiotec.com\/fr\/wp-json\/wp\/v2\/comments?post=65"}],"version-history":[{"count":36,"href":"https:\/\/www.iabiotec.com\/fr\/wp-json\/wp\/v2\/pages\/65\/revisions"}],"predecessor-version":[{"id":612,"href":"https:\/\/www.iabiotec.com\/fr\/wp-json\/wp\/v2\/pages\/65\/revisions\/612"}],"up":[{"embeddable":true,"href":"https:\/\/www.iabiotec.com\/fr\/wp-json\/wp\/v2\/pages\/516"}],"wp:attachment":[{"href":"https:\/\/www.iabiotec.com\/fr\/wp-json\/wp\/v2\/media?parent=65"}],"curies":[{"name":"wp","href":"https:\/\/api.w.org\/{rel}","templated":true}]}}