{"id":31,"date":"2013-09-11T12:22:18","date_gmt":"2013-09-11T12:22:18","guid":{"rendered":"https:\/\/www.iabiotec.com\/fr\/?page_id=31"},"modified":"2024-04-11T12:04:29","modified_gmt":"2024-04-11T10:04:29","slug":"contact","status":"publish","type":"page","link":"https:\/\/www.iabiotec.com\/fr\/contact\/","title":{"rendered":"Contact"},"content":{"rendered":"<div style=\"font-size:17px;line-height:21px;text-align:justify\">Vous pouvez nous contacter par t\u00e9l\u00e9phone (+34) 96 111 68 73, ou directement par e-mail, si vous le pr\u00e9f\u00e9rez : <a href=\"mailto:info@iabiotec.com\">info@iabiotec.com<\/a><\/div>\n","protected":false},"excerpt":{"rendered":"<p>Vous pouvez nous contacter par t\u00e9l\u00e9phone (+34) 96 111 68 73, ou directement par e-mail, si vous le pr\u00e9f\u00e9rez : info@iabiotec.com<\/p>\n","protected":false},"author":2,"featured_media":0,"parent":0,"menu_order":80,"comment_status":"open","ping_status":"closed","template":"page-template-contact.php","meta":{"footnotes":""},"class_list":["post-31","page","type-page","status-publish","hentry"],"_links":{"self":[{"href":"https:\/\/www.iabiotec.com\/fr\/wp-json\/wp\/v2\/pages\/31","targetHints":{"allow":["GET"]}}],"collection":[{"href":"https:\/\/www.iabiotec.com\/fr\/wp-json\/wp\/v2\/pages"}],"about":[{"href":"https:\/\/www.iabiotec.com\/fr\/wp-json\/wp\/v2\/types\/page"}],"author":[{"embeddable":true,"href":"https:\/\/www.iabiotec.com\/fr\/wp-json\/wp\/v2\/users\/2"}],"replies":[{"embeddable":true,"href":"https:\/\/www.iabiotec.com\/fr\/wp-json\/wp\/v2\/comments?post=31"}],"version-history":[{"count":19,"href":"https:\/\/www.iabiotec.com\/fr\/wp-json\/wp\/v2\/pages\/31\/revisions"}],"predecessor-version":[{"id":615,"href":"https:\/\/www.iabiotec.com\/fr\/wp-json\/wp\/v2\/pages\/31\/revisions\/615"}],"wp:attachment":[{"href":"https:\/\/www.iabiotec.com\/fr\/wp-json\/wp\/v2\/media?parent=31"}],"curies":[{"name":"wp","href":"https:\/\/api.w.org\/{rel}","templated":true}]}}