{"id":27,"date":"2013-09-11T12:21:54","date_gmt":"2013-09-11T12:21:54","guid":{"rendered":"https:\/\/www.iabiotec.com\/fr\/?page_id=27"},"modified":"2022-11-10T17:32:13","modified_gmt":"2022-11-10T15:32:13","slug":"qualite","status":"publish","type":"page","link":"https:\/\/www.iabiotec.com\/fr\/qualite\/","title":{"rendered":"Qualit\u00e9"},"content":{"rendered":"<h2>Syst\u00e8me int\u00e9gr\u00e9 de qualit\u00e9 et de l\u2019environnement<\/h2>\n<p><img loading=\"lazy\" decoding=\"async\" class=\"size-full wp-image-467 alignright\" src=\"https:\/\/www.iabiotec.com\/fr\/wp-content\/uploads\/iab-calidad.jpg\" alt=\"iab-calidad\" width=\"280\" height=\"203\" \/> IAB est n\u00e9e d\u2019une philosophie <strong>engag\u00e9e pour la protection de l\u2019environnement<\/strong>. De plus, notre but est de parvenir \u00e0 une <strong>agriculture durable et respectueuse de l\u2019environnement<\/strong>. Il en r\u00e9sulte un double objectif: d&rsquo;arriver \u00e0 ce que nos produits et services r\u00e9pondent aux <strong>plus hauts standards de qualit\u00e9<\/strong> exig\u00e9s par nos clients, et dans le m\u00eame temps, s&rsquo;assurer du <strong>respect int\u00e9gral de la r\u00e9glementation en vigueur<\/strong>.<\/p>\n<p>Chez IAB, nous nous effor\u00e7ons de comprendre les besoins actuels et futurs de nos clients. Pour ce faire, nous maintenons une <strong>communication fluide et constante<\/strong> avec eux. C\u2019est alors seulement que nous sommes en mesure d&rsquo;\u00e9valuer notre capacit\u00e9 \u00e0 les satisfaire et de concourir \u00e0 <strong>l\u2019am\u00e9lioration continue de notre syst\u00e8me<\/strong>.<\/p>\n<p><strong>IAB s\u2019engage \u00e0 agir conform\u00e9ment \u00e0 sa Politique de Qualit\u00e9 et de l&rsquo;Environnement<\/strong>, en appliquant les principes de la satisfaction du client et de l\u2019environnement, en minimisant l\u2019impact environnemental et en \u00e9vitant la pollution de notre environnement.<\/p>\n","protected":false},"excerpt":{"rendered":"<p>Syst\u00e8me int\u00e9gr\u00e9 de qualit\u00e9 et de l\u2019environnement IAB est n\u00e9e d\u2019une philosophie engag\u00e9e pour la protection de l\u2019environnement. De plus, notre but est de parvenir \u00e0 une agriculture durable et respectueuse de l\u2019environnement. Il en r\u00e9sulte un double objectif: d&rsquo;arriver \u00e0 ce que nos produits et services r\u00e9pondent aux plus hauts standards de qualit\u00e9 exig\u00e9s [&hellip;]<\/p>\n","protected":false},"author":2,"featured_media":0,"parent":0,"menu_order":60,"comment_status":"open","ping_status":"closed","template":"page-template-right-sidebar.php","meta":{"footnotes":""},"class_list":["post-27","page","type-page","status-publish","hentry"],"_links":{"self":[{"href":"https:\/\/www.iabiotec.com\/fr\/wp-json\/wp\/v2\/pages\/27","targetHints":{"allow":["GET"]}}],"collection":[{"href":"https:\/\/www.iabiotec.com\/fr\/wp-json\/wp\/v2\/pages"}],"about":[{"href":"https:\/\/www.iabiotec.com\/fr\/wp-json\/wp\/v2\/types\/page"}],"author":[{"embeddable":true,"href":"https:\/\/www.iabiotec.com\/fr\/wp-json\/wp\/v2\/users\/2"}],"replies":[{"embeddable":true,"href":"https:\/\/www.iabiotec.com\/fr\/wp-json\/wp\/v2\/comments?post=27"}],"version-history":[{"count":20,"href":"https:\/\/www.iabiotec.com\/fr\/wp-json\/wp\/v2\/pages\/27\/revisions"}],"predecessor-version":[{"id":611,"href":"https:\/\/www.iabiotec.com\/fr\/wp-json\/wp\/v2\/pages\/27\/revisions\/611"}],"wp:attachment":[{"href":"https:\/\/www.iabiotec.com\/fr\/wp-json\/wp\/v2\/media?parent=27"}],"curies":[{"name":"wp","href":"https:\/\/api.w.org\/{rel}","templated":true}]}}